{"id":3383,"date":"2023-02-20T15:56:34","date_gmt":"2023-02-20T14:56:34","guid":{"rendered":"https:\/\/clinique-veterinaire-safi.com\/echographie\/"},"modified":"2025-12-15T08:46:43","modified_gmt":"2025-12-15T07:46:43","slug":"echographie","status":"publish","type":"page","link":"https:\/\/clinique-veterinaire-safi.com\/fr\/echographie\/","title":{"rendered":"\u00c9chographie"},"content":{"rendered":"<div class=\"fusion-fullwidth fullwidth-box fusion-builder-row-1 fusion-flex-container nonhundred-percent-fullwidth non-hundred-percent-height-scrolling\" style=\"--awb-background-position:left top;--awb-border-sizes-top:0px;--awb-border-sizes-bottom:0px;--awb-border-sizes-left:0px;--awb-border-sizes-right:0px;--awb-border-radius-top-left:0px;--awb-border-radius-top-right:0px;--awb-border-radius-bottom-right:0px;--awb-border-radius-bottom-left:0px;--awb-padding-top:120px;--awb-padding-bottom:80px;--awb-padding-top-medium:80px;--awb-padding-bottom-medium:48px;\" ><div class=\"fusion-builder-row fusion-row fusion-flex-align-items-stretch\" style=\"max-width:calc( 1300px + 0px );margin-left: calc(-0px \/ 2 );margin-right: calc(-0px \/ 2 );\"><div class=\"fusion-layout-column fusion_builder_column fusion-builder-column-0 fusion_builder_column_1_2 1_2 fusion-flex-column\" style=\"--awb-padding-right:50px;--awb-padding-left:50px;--awb-bg-position:right bottom;--awb-bg-blend:overlay;--awb-bg-size:cover;--awb-width-large:50%;--awb-spacing-right-large:0px;--awb-spacing-left-large:0px;--awb-width-medium:100%;--awb-spacing-right-medium:0px;--awb-margin-bottom-medium:48px;--awb-spacing-left-medium:0px;--awb-width-small:100%;--awb-spacing-right-small:0px;--awb-spacing-left-small:0px;\"><div class=\"fusion-column-wrapper fusion-flex-justify-content-center fusion-content-layout-column\"><div class=\"fusion-title title fusion-title-1 fusion-title-text fusion-title-size-one\" style=\"--awb-font-size:40px;\"><div class=\"title-sep-container title-sep-container-left fusion-no-large-visibility fusion-no-medium-visibility fusion-no-small-visibility\"><div class=\"title-sep sep- sep-solid\" style=\"border-color:var(--awb-color3);\"><\/div><\/div><span class=\"awb-title-spacer fusion-no-large-visibility fusion-no-medium-visibility fusion-no-small-visibility\"><\/span><h1 class=\"title-heading-left\" style=\"margin:0;font-size:1em;\">\u00c9chographie<\/h1><span class=\"awb-title-spacer\"><\/span><div class=\"title-sep-container title-sep-container-right\"><div class=\"title-sep sep- sep-solid\" style=\"border-color:var(--awb-color3);\"><\/div><\/div><\/div><div class=\"fusion-title title fusion-title-2 fusion-title-text fusion-title-size-two\" style=\"--awb-margin-bottom:0px;--awb-margin-bottom-small:0px;--awb-margin-bottom-medium:0px;--awb-font-size:var(--awb-typography2-font-size);\"><div class=\"title-sep-container title-sep-container-left fusion-no-large-visibility fusion-no-medium-visibility fusion-no-small-visibility\"><div class=\"title-sep sep- sep-solid\" style=\"border-color:var(--awb-color3);\"><\/div><\/div><span class=\"awb-title-spacer fusion-no-large-visibility fusion-no-medium-visibility fusion-no-small-visibility\"><\/span><h2 class=\"title-heading-left\" style=\"font-family:var(--awb-typography2-font-family);font-weight:var(--awb-typography2-font-weight);font-style:var(--awb-typography2-font-style);margin:0;font-size:1em;letter-spacing:var(--awb-typography2-letter-spacing);text-transform:var(--awb-typography2-text-transform);line-height:var(--awb-typography2-line-height);\"><p style=\"text-align: left;\">Un appareil \u00e0 ultrasons permet au v\u00e9t\u00e9rinaire d\u2019examiner l\u2019int\u00e9rieur du corps. Cela peut s\u2019av\u00e9rer n\u00e9cessaire en cas de suspicion de calculs v\u00e9sicaux ou de tumeur dans la cavit\u00e9 abdominale, ou si une gestation doit \u00eatre clarifi\u00e9e.<br \/>L\u2019\u00e9chographie n\u2019est pas douloureuse, ne comporte aucun risque pour l\u2019animal et peut donc \u00eatre utilis\u00e9e sans probl\u00e8me chez les jeunes animaux ou les animaux gravides.<\/p><\/h2><span class=\"awb-title-spacer\"><\/span><div class=\"title-sep-container title-sep-container-right\"><div class=\"title-sep sep- sep-solid\" style=\"border-color:var(--awb-color3);\"><\/div><\/div><\/div><\/div><\/div><div class=\"fusion-layout-column fusion_builder_column fusion-builder-column-1 fusion_builder_column_1_2 1_2 fusion-flex-column\" style=\"--awb-padding-top:40px;--awb-padding-right:40px;--awb-padding-bottom:40px;--awb-padding-left:40px;--awb-bg-color:var(--awb-color1);--awb-bg-size:cover;--awb-border-color:var(--awb-color2);--awb-border-top:1px;--awb-border-right:1px;--awb-border-bottom:1px;--awb-border-left:1px;--awb-border-style:solid;--awb-width-large:50%;--awb-spacing-right-large:0px;--awb-spacing-left-large:0px;--awb-width-medium:100%;--awb-spacing-right-medium:0px;--awb-spacing-left-medium:0px;--awb-width-small:100%;--awb-spacing-right-small:0px;--awb-spacing-left-small:0px;\"><div class=\"fusion-column-wrapper fusion-flex-justify-content-flex-start fusion-content-layout-column\"><div class=\"fusion-image-element \" style=\"text-align:center;--awb-liftup-border-radius:0px;\"><div class=\"awb-image-frame awb-image-frame-1 imageframe-liftup\"><span class=\" fusion-imageframe imageframe-dropshadow imageframe-1\" style=\"border:13px solid var(--awb-color1);-webkit-box-shadow: 3px 3px 7px var(--awb-color3);box-shadow: 3px 3px 7px var(--awb-color3);\"><img decoding=\"async\" width=\"1600\" height=\"1067\" title=\"CVS-Bild-038-1600&#215;1067\" src=\"https:\/\/clinique-veterinaire-safi.com\/wp-content\/uploads\/2023\/03\/CVS-Bild-038-1600x1067-1.jpg\" data-orig-src=\"https:\/\/clinique-veterinaire-safi.com\/wp-content\/uploads\/2023\/03\/CVS-Bild-038-1600x1067-1.jpg\" alt class=\"lazyload img-responsive wp-image-3382\" srcset=\"data:image\/svg+xml,%3Csvg%20xmlns%3D%27http%3A%2F%2Fwww.w3.org%2F2000%2Fsvg%27%20width%3D%271600%27%20height%3D%271067%27%20viewBox%3D%270%200%201600%201067%27%3E%3Crect%20width%3D%271600%27%20height%3D%271067%27%20fill-opacity%3D%220%22%2F%3E%3C%2Fsvg%3E\" data-srcset=\"https:\/\/clinique-veterinaire-safi.com\/wp-content\/uploads\/2023\/03\/CVS-Bild-038-1600x1067-1-200x133.jpg 200w, https:\/\/clinique-veterinaire-safi.com\/wp-content\/uploads\/2023\/03\/CVS-Bild-038-1600x1067-1-400x267.jpg 400w, https:\/\/clinique-veterinaire-safi.com\/wp-content\/uploads\/2023\/03\/CVS-Bild-038-1600x1067-1-600x400.jpg 600w, https:\/\/clinique-veterinaire-safi.com\/wp-content\/uploads\/2023\/03\/CVS-Bild-038-1600x1067-1-800x534.jpg 800w, https:\/\/clinique-veterinaire-safi.com\/wp-content\/uploads\/2023\/03\/CVS-Bild-038-1600x1067-1-1200x800.jpg 1200w, https:\/\/clinique-veterinaire-safi.com\/wp-content\/uploads\/2023\/03\/CVS-Bild-038-1600x1067-1.jpg 1600w\" data-sizes=\"auto\" data-orig-sizes=\"(max-width: 1280px) 100vw, (max-width: 1024px) 100vw, 600px\" \/><\/span><\/div><\/div><\/div><\/div><\/div><\/div>\n","protected":false},"excerpt":{"rendered":"","protected":false},"author":1,"featured_media":0,"parent":0,"menu_order":0,"comment_status":"closed","ping_status":"closed","template":"","meta":{"footnotes":""},"class_list":["post-3383","page","type-page","status-publish","hentry"],"yoast_head":"<!-- This site is optimized with the Yoast SEO plugin v26.5 - https:\/\/yoast.com\/wordpress\/plugins\/seo\/ -->\n<title>\u00c9chographie - Clinique Veterinaire Safi<\/title>\n<meta name=\"robots\" content=\"index, follow, max-snippet:-1, max-image-preview:large, max-video-preview:-1\" \/>\n<link rel=\"canonical\" href=\"https:\/\/clinique-veterinaire-safi.com\/fr\/echographie\/\" \/>\n<meta property=\"og:locale\" content=\"fr_FR\" \/>\n<meta property=\"og:type\" content=\"article\" \/>\n<meta property=\"og:title\" content=\"\u00c9chographie - Clinique Veterinaire Safi\" \/>\n<meta property=\"og:url\" content=\"https:\/\/clinique-veterinaire-safi.com\/fr\/echographie\/\" \/>\n<meta property=\"og:site_name\" content=\"Clinique Veterinaire Safi\" \/>\n<meta property=\"article:modified_time\" content=\"2025-12-15T07:46:43+00:00\" \/>\n<meta name=\"twitter:card\" content=\"summary_large_image\" \/>\n<meta name=\"twitter:label1\" content=\"Dur\u00e9e de lecture estim\u00e9e\" \/>\n\t<meta name=\"twitter:data1\" content=\"3 minutes\" \/>\n<script type=\"application\/ld+json\" class=\"yoast-schema-graph\">{\"@context\":\"https:\/\/schema.org\",\"@graph\":[{\"@type\":\"WebPage\",\"@id\":\"https:\/\/clinique-veterinaire-safi.com\/fr\/echographie\/\",\"url\":\"https:\/\/clinique-veterinaire-safi.com\/fr\/echographie\/\",\"name\":\"\u00c9chographie - Clinique Veterinaire Safi\",\"isPartOf\":{\"@id\":\"https:\/\/clinique-veterinaire-safi.com\/fr\/#website\"},\"datePublished\":\"2023-02-20T14:56:34+00:00\",\"dateModified\":\"2025-12-15T07:46:43+00:00\",\"breadcrumb\":{\"@id\":\"https:\/\/clinique-veterinaire-safi.com\/fr\/echographie\/#breadcrumb\"},\"inLanguage\":\"fr-FR\",\"potentialAction\":[{\"@type\":\"ReadAction\",\"target\":[\"https:\/\/clinique-veterinaire-safi.com\/fr\/echographie\/\"]}]},{\"@type\":\"BreadcrumbList\",\"@id\":\"https:\/\/clinique-veterinaire-safi.com\/fr\/echographie\/#breadcrumb\",\"itemListElement\":[{\"@type\":\"ListItem\",\"position\":1,\"name\":\"Startseite\",\"item\":\"https:\/\/clinique-veterinaire-safi.com\/fr\/page-daccueil\/\"},{\"@type\":\"ListItem\",\"position\":2,\"name\":\"\u00c9chographie\"}]},{\"@type\":\"WebSite\",\"@id\":\"https:\/\/clinique-veterinaire-safi.com\/fr\/#website\",\"url\":\"https:\/\/clinique-veterinaire-safi.com\/fr\/\",\"name\":\"Clinique Veterinaire Safi\",\"description\":\"Dr. Juliane El Akkaoui\",\"publisher\":{\"@id\":\"https:\/\/clinique-veterinaire-safi.com\/fr\/#organization\"},\"potentialAction\":[{\"@type\":\"SearchAction\",\"target\":{\"@type\":\"EntryPoint\",\"urlTemplate\":\"https:\/\/clinique-veterinaire-safi.com\/fr\/?s={search_term_string}\"},\"query-input\":{\"@type\":\"PropertyValueSpecification\",\"valueRequired\":true,\"valueName\":\"search_term_string\"}}],\"inLanguage\":\"fr-FR\"},{\"@type\":\"Organization\",\"@id\":\"https:\/\/clinique-veterinaire-safi.com\/fr\/#organization\",\"name\":\"Clinique Veterinaire Safi\",\"url\":\"https:\/\/clinique-veterinaire-safi.com\/fr\/\",\"logo\":{\"@type\":\"ImageObject\",\"inLanguage\":\"fr-FR\",\"@id\":\"https:\/\/clinique-veterinaire-safi.com\/fr\/#\/schema\/logo\/image\/\",\"url\":\"https:\/\/clinique-veterinaire-safi.com\/wp-content\/uploads\/2023\/01\/cvs-logo.png\",\"contentUrl\":\"https:\/\/clinique-veterinaire-safi.com\/wp-content\/uploads\/2023\/01\/cvs-logo.png\",\"width\":376,\"height\":182,\"caption\":\"Clinique Veterinaire Safi\"},\"image\":{\"@id\":\"https:\/\/clinique-veterinaire-safi.com\/fr\/#\/schema\/logo\/image\/\"}}]}<\/script>\n<!-- \/ Yoast SEO plugin. -->","yoast_head_json":{"title":"\u00c9chographie - Clinique Veterinaire Safi","robots":{"index":"index","follow":"follow","max-snippet":"max-snippet:-1","max-image-preview":"max-image-preview:large","max-video-preview":"max-video-preview:-1"},"canonical":"https:\/\/clinique-veterinaire-safi.com\/fr\/echographie\/","og_locale":"fr_FR","og_type":"article","og_title":"\u00c9chographie - Clinique Veterinaire Safi","og_url":"https:\/\/clinique-veterinaire-safi.com\/fr\/echographie\/","og_site_name":"Clinique Veterinaire Safi","article_modified_time":"2025-12-15T07:46:43+00:00","twitter_card":"summary_large_image","twitter_misc":{"Dur\u00e9e de lecture estim\u00e9e":"3 minutes"},"schema":{"@context":"https:\/\/schema.org","@graph":[{"@type":"WebPage","@id":"https:\/\/clinique-veterinaire-safi.com\/fr\/echographie\/","url":"https:\/\/clinique-veterinaire-safi.com\/fr\/echographie\/","name":"\u00c9chographie - Clinique Veterinaire Safi","isPartOf":{"@id":"https:\/\/clinique-veterinaire-safi.com\/fr\/#website"},"datePublished":"2023-02-20T14:56:34+00:00","dateModified":"2025-12-15T07:46:43+00:00","breadcrumb":{"@id":"https:\/\/clinique-veterinaire-safi.com\/fr\/echographie\/#breadcrumb"},"inLanguage":"fr-FR","potentialAction":[{"@type":"ReadAction","target":["https:\/\/clinique-veterinaire-safi.com\/fr\/echographie\/"]}]},{"@type":"BreadcrumbList","@id":"https:\/\/clinique-veterinaire-safi.com\/fr\/echographie\/#breadcrumb","itemListElement":[{"@type":"ListItem","position":1,"name":"Startseite","item":"https:\/\/clinique-veterinaire-safi.com\/fr\/page-daccueil\/"},{"@type":"ListItem","position":2,"name":"\u00c9chographie"}]},{"@type":"WebSite","@id":"https:\/\/clinique-veterinaire-safi.com\/fr\/#website","url":"https:\/\/clinique-veterinaire-safi.com\/fr\/","name":"Clinique Veterinaire Safi","description":"Dr. Juliane El Akkaoui","publisher":{"@id":"https:\/\/clinique-veterinaire-safi.com\/fr\/#organization"},"potentialAction":[{"@type":"SearchAction","target":{"@type":"EntryPoint","urlTemplate":"https:\/\/clinique-veterinaire-safi.com\/fr\/?s={search_term_string}"},"query-input":{"@type":"PropertyValueSpecification","valueRequired":true,"valueName":"search_term_string"}}],"inLanguage":"fr-FR"},{"@type":"Organization","@id":"https:\/\/clinique-veterinaire-safi.com\/fr\/#organization","name":"Clinique Veterinaire Safi","url":"https:\/\/clinique-veterinaire-safi.com\/fr\/","logo":{"@type":"ImageObject","inLanguage":"fr-FR","@id":"https:\/\/clinique-veterinaire-safi.com\/fr\/#\/schema\/logo\/image\/","url":"https:\/\/clinique-veterinaire-safi.com\/wp-content\/uploads\/2023\/01\/cvs-logo.png","contentUrl":"https:\/\/clinique-veterinaire-safi.com\/wp-content\/uploads\/2023\/01\/cvs-logo.png","width":376,"height":182,"caption":"Clinique Veterinaire Safi"},"image":{"@id":"https:\/\/clinique-veterinaire-safi.com\/fr\/#\/schema\/logo\/image\/"}}]}},"_links":{"self":[{"href":"https:\/\/clinique-veterinaire-safi.com\/fr\/wp-json\/wp\/v2\/pages\/3383","targetHints":{"allow":["GET"]}}],"collection":[{"href":"https:\/\/clinique-veterinaire-safi.com\/fr\/wp-json\/wp\/v2\/pages"}],"about":[{"href":"https:\/\/clinique-veterinaire-safi.com\/fr\/wp-json\/wp\/v2\/types\/page"}],"author":[{"embeddable":true,"href":"https:\/\/clinique-veterinaire-safi.com\/fr\/wp-json\/wp\/v2\/users\/1"}],"replies":[{"embeddable":true,"href":"https:\/\/clinique-veterinaire-safi.com\/fr\/wp-json\/wp\/v2\/comments?post=3383"}],"version-history":[{"count":3,"href":"https:\/\/clinique-veterinaire-safi.com\/fr\/wp-json\/wp\/v2\/pages\/3383\/revisions"}],"predecessor-version":[{"id":3387,"href":"https:\/\/clinique-veterinaire-safi.com\/fr\/wp-json\/wp\/v2\/pages\/3383\/revisions\/3387"}],"wp:attachment":[{"href":"https:\/\/clinique-veterinaire-safi.com\/fr\/wp-json\/wp\/v2\/media?parent=3383"}],"curies":[{"name":"wp","href":"https:\/\/api.w.org\/{rel}","templated":true}]}}